{"id":65,"date":"2019-10-07T17:25:30","date_gmt":"2019-10-07T15:25:30","guid":{"rendered":"http:\/\/krsa.pl\/?page_id=65"},"modified":"2019-10-07T17:29:29","modified_gmt":"2019-10-07T15:29:29","slug":"polityka-prywatnosci","status":"publish","type":"page","link":"https:\/\/krsa.pl\/?page_id=65","title":{"rendered":"Polityka prywatno\u015bci"},"content":{"rendered":"<p>W zwi\u0105zku z Rozporz\u0105dzeniem Parlamentu Europejskiego i Rady (UE) 2016\/679 z dnia 27 kwietnia 2016 r. (zwane dalej \u2013 RODO), kt\u00f3rego przedmiotem jest ochrona Twoich danych osobowych pragniemy Ci\u0119 poinformowa\u0107, \u017ce w ramach prowadzenia naszej strony internetowej nie korzystamy z technologii s\u0142u\u017c\u0105cych zbieraniu i przetwarzaniu danych osobowych, tak\u017ce zwi\u0105zanych z plikami cookie.<\/p>\n","protected":false},"excerpt":{"rendered":"<p>W zwi\u0105zku z Rozporz\u0105dzeniem Parlamentu Europejskiego i Rady (UE) 2016\/679 z dnia 27 kwietnia 2016 r. (zwane dalej \u2013 RODO), kt\u00f3rego przedmiotem jest ochrona Twoich danych osobowych pragniemy Ci\u0119 poinformowa\u0107, \u017ce w ramach prowadzenia naszej strony internetowej nie korzystamy z technologii s\u0142u\u017c\u0105cych zbieraniu i przetwarzaniu danych osobowych, tak\u017ce zwi\u0105zanych z plikami cookie.<\/p>\n","protected":false},"author":1,"featured_media":0,"parent":0,"menu_order":0,"comment_status":"closed","ping_status":"closed","template":"","meta":{"footnotes":""},"class_list":["post-65","page","type-page","status-publish","hentry"],"jetpack_sharing_enabled":true,"_links":{"self":[{"href":"https:\/\/krsa.pl\/index.php?rest_route=\/wp\/v2\/pages\/65","targetHints":{"allow":["GET"]}}],"collection":[{"href":"https:\/\/krsa.pl\/index.php?rest_route=\/wp\/v2\/pages"}],"about":[{"href":"https:\/\/krsa.pl\/index.php?rest_route=\/wp\/v2\/types\/page"}],"author":[{"embeddable":true,"href":"https:\/\/krsa.pl\/index.php?rest_route=\/wp\/v2\/users\/1"}],"replies":[{"embeddable":true,"href":"https:\/\/krsa.pl\/index.php?rest_route=%2Fwp%2Fv2%2Fcomments&post=65"}],"version-history":[{"count":1,"href":"https:\/\/krsa.pl\/index.php?rest_route=\/wp\/v2\/pages\/65\/revisions"}],"predecessor-version":[{"id":121,"href":"https:\/\/krsa.pl\/index.php?rest_route=\/wp\/v2\/pages\/65\/revisions\/121"}],"wp:attachment":[{"href":"https:\/\/krsa.pl\/index.php?rest_route=%2Fwp%2Fv2%2Fmedia&parent=65"}],"curies":[{"name":"wp","href":"https:\/\/api.w.org\/{rel}","templated":true}]}}