{"id":1750,"date":"2025-02-20T13:51:15","date_gmt":"2025-02-20T12:51:15","guid":{"rendered":"https:\/\/krsa.pl\/?post_type=product&#038;p=1750"},"modified":"2025-09-01T14:32:16","modified_gmt":"2025-09-01T12:32:16","slug":"sorter-sdi-350-m-biezacych-linii-sortujacej","status":"publish","type":"product","link":"https:\/\/krsa.pl\/?product=sorter-sdi-350-m-biezacych-linii-sortujacej","title":{"rendered":"Sorter SDI &#8211; 350 m bie\u017c\u0105cych linii sortuj\u0105cej"},"content":{"rendered":"<p class=\"Textbody\">Syndyk sprzeda (cena BRUTTO &#8211; zawiera 23% VAT):<\/p>\n<p>&nbsp;<\/p>\n<p><strong>Sorter SDI &#8211; 350 m bie\u017c\u0105cych linii sortuj\u0105cej sk\u0142adaj\u0105cej si\u0119 z przeka\u017anik\u00f3w rolkowych i ta\u015bmowych.<\/strong><\/p>\n<p class=\"Standard\"><img loading=\"lazy\" decoding=\"async\" class=\" wp-image-1471\" style=\"font-weight: bold;color: #666666;font-size: 0.8125rem;font-style: italic\" src=\"https:\/\/krsa.pl\/wp-content\/uploads\/2024\/12\/20220829_113443-300x169.jpg\" alt=\"\" width=\"447\" height=\"252\" srcset=\"https:\/\/krsa.pl\/wp-content\/uploads\/2024\/12\/20220829_113443-300x169.jpg 300w, https:\/\/krsa.pl\/wp-content\/uploads\/2024\/12\/20220829_113443-1024x576.jpg 1024w, https:\/\/krsa.pl\/wp-content\/uploads\/2024\/12\/20220829_113443-768x432.jpg 768w, https:\/\/krsa.pl\/wp-content\/uploads\/2024\/12\/20220829_113443-1536x864.jpg 1536w, https:\/\/krsa.pl\/wp-content\/uploads\/2024\/12\/20220829_113443-2048x1152.jpg 2048w, https:\/\/krsa.pl\/wp-content\/uploads\/2024\/12\/20220829_113443-350x197.jpg 350w\" sizes=\"auto, (max-width: 447px) 100vw, 447px\" \/><\/p>\n<div class=\"css-kii8tg\" data-testid=\"prices-wrapper\">\n<div class=\"css-sxnu2o\">\n<div class=\"css-e2ir3r\" data-testid=\"ad-price-container\"><\/div>\n<\/div>\n<\/div>\n<p>\u2013 wi\u0119cej przedmiot\u00f3w w innych og\u0142oszeniach u\u017cytkownika<br \/>\n\u2013 sprzeda\u017c tylko dla podmiot\u00f3w gospodarczych<br \/>\n\u2013 tylko odbi\u00f3r osobisty Bielany Wroc\u0142awskie<br \/>\n\u2013 sprzeda\u017c ma charakter sprzeda\u017cy egzekucyjnej (art. 313 Prawa Upad\u0142o\u015bciowego)<\/p>\n<p>Na wybran\u0105 ruchomo\u015b\u0107 nale\u017cy wp\u0142aci\u0107 \u015brodki bezpo\u015brednio na rachunek bankowy Ordipol Sp. z o.o w upad\u0142o\u015bci: 06 1930 1190 2220 0274 6320 0001.<br \/>\nLiczy si\u0119 kolejno\u015b\u0107 uznania rachunku bankowego.<br \/>\nJedynie wp\u0142ata \u015brodk\u00f3w rezerwuje ruchomo\u015b\u0107.<br \/>\nNadmiarowe wp\u0142aty zostan\u0105 zwr\u00f3cone w ci\u0105gu 3 dni.<\/p>\n<p>Po wp\u0142acie \u2013 dane do faktury prosz\u0119 zg\u0142osi\u0107 na adres: sales@krsa.pl<br \/>\nKontakt w sprawie przedmiot\u00f3w: telefonicznie lub mail sales@krsa.pl<\/p>\n<p>&nbsp;<\/p>\n<p class=\"Standard\"><img loading=\"lazy\" decoding=\"async\" class=\"alignnone size-medium wp-image-1512\" src=\"https:\/\/krsa.pl\/wp-content\/uploads\/2024\/12\/IMG_3192-300x225.jpg\" alt=\"\" width=\"300\" height=\"225\" srcset=\"https:\/\/krsa.pl\/wp-content\/uploads\/2024\/12\/IMG_3192-300x225.jpg 300w, https:\/\/krsa.pl\/wp-content\/uploads\/2024\/12\/IMG_3192-1024x768.jpg 1024w, https:\/\/krsa.pl\/wp-content\/uploads\/2024\/12\/IMG_3192-768x576.jpg 768w, https:\/\/krsa.pl\/wp-content\/uploads\/2024\/12\/IMG_3192-1536x1152.jpg 1536w, https:\/\/krsa.pl\/wp-content\/uploads\/2024\/12\/IMG_3192-350x263.jpg 350w, https:\/\/krsa.pl\/wp-content\/uploads\/2024\/12\/IMG_3192-rotated.jpg 2016w\" sizes=\"auto, (max-width: 300px) 100vw, 300px\" \/><\/p>\n","protected":false},"excerpt":{"rendered":"<p>Syndyk sprzeda (cena BRUTTO &#8211; zawiera 23% VAT): &nbsp; Sorter SDI &#8211; 350 m bie\u017c\u0105cych linii sortuj\u0105cej sk\u0142adaj\u0105cej si\u0119 z przeka\u017anik\u00f3w rolkowych i ta\u015bmowych. \u2013 wi\u0119cej przedmiot\u00f3w w innych og\u0142oszeniach u\u017cytkownika \u2013 sprzeda\u017c tylko dla podmiot\u00f3w gospodarczych \u2013 tylko odbi\u00f3r osobisty Bielany Wroc\u0142awskie \u2013 sprzeda\u017c ma charakter sprzeda\u017cy egzekucyjnej (art. 313 Prawa Upad\u0142o\u015bciowego) Na wybran\u0105 &hellip; <\/p>\n<p class=\"link-more\"><a href=\"https:\/\/krsa.pl\/?product=sorter-sdi-350-m-biezacych-linii-sortujacej\" class=\"more-link\">Czytaj dalej<span class=\"screen-reader-text\"> \u201eSorter SDI &#8211; 350 m bie\u017c\u0105cych linii sortuj\u0105cej\u201d<\/span><\/a><\/p>\n","protected":false},"featured_media":1471,"template":"","meta":[],"product_brand":[],"product_cat":[33,28],"product_tag":[],"class_list":{"0":"post-1750","1":"product","2":"type-product","3":"status-publish","4":"has-post-thumbnail","6":"product_cat-pozostale","7":"product_cat-wyposazenie-magazynu","9":"first","10":"instock","11":"taxable","12":"shipping-taxable","13":"purchasable","14":"product-type-simple"},"jetpack_sharing_enabled":true,"_links":{"self":[{"href":"https:\/\/krsa.pl\/index.php?rest_route=\/wp\/v2\/product\/1750","targetHints":{"allow":["GET"]}}],"collection":[{"href":"https:\/\/krsa.pl\/index.php?rest_route=\/wp\/v2\/product"}],"about":[{"href":"https:\/\/krsa.pl\/index.php?rest_route=\/wp\/v2\/types\/product"}],"wp:featuredmedia":[{"embeddable":true,"href":"https:\/\/krsa.pl\/index.php?rest_route=\/wp\/v2\/media\/1471"}],"wp:attachment":[{"href":"https:\/\/krsa.pl\/index.php?rest_route=%2Fwp%2Fv2%2Fmedia&parent=1750"}],"wp:term":[{"taxonomy":"product_brand","embeddable":true,"href":"https:\/\/krsa.pl\/index.php?rest_route=%2Fwp%2Fv2%2Fproduct_brand&post=1750"},{"taxonomy":"product_cat","embeddable":true,"href":"https:\/\/krsa.pl\/index.php?rest_route=%2Fwp%2Fv2%2Fproduct_cat&post=1750"},{"taxonomy":"product_tag","embeddable":true,"href":"https:\/\/krsa.pl\/index.php?rest_route=%2Fwp%2Fv2%2Fproduct_tag&post=1750"}],"curies":[{"name":"wp","href":"https:\/\/api.w.org\/{rel}","templated":true}]}}