{"id":1755,"date":"2025-02-20T13:56:42","date_gmt":"2025-02-20T12:56:42","guid":{"rendered":"https:\/\/krsa.pl\/?post_type=product&#038;p=1755"},"modified":"2026-04-10T18:56:45","modified_gmt":"2026-04-10T16:56:45","slug":"wozek-widlowy-ekx-514-fn5-20050-2016-poz-8-op","status":"publish","type":"product","link":"https:\/\/krsa.pl\/?product=wozek-widlowy-ekx-514-fn5-20050-2016-poz-8-op","title":{"rendered":"W\u00f3zek wid\u0142owy EKX 514, FN5 20050, 2016 (poz 8 op.) PRZETARG 30-04-2026"},"content":{"rendered":"<p class=\"Textbody\">Syndyk sprzeda (cena BRUTTO &#8211; zawiera 23% VAT): <strong>73 726,20 PLN PRZETARG 30-04-2026<\/strong><\/p>\n<p><strong>W\u00f3zek wid\u0142owy Jungheinrich EKX 514<\/strong> zosta\u0142 wyprodukowany w 2016 roku, numer fabryczny \u015brodka trwa\u0142ego 20050.\u00a0 Ud\u017awig w\u00f3zka: 1,4 tony. Jest to akumulatorowy w\u00f3zek wysokiego\u00a0 sk\u0142adowania z obrotow\u0105 karetk\u0105 wide\u0142. Wysoko\u015b\u0107 podnoszenia do 8,78 m. Napi\u0119cie akumulatora 80V<\/p>\n<p>Og\u00f3lny wizualny stan techniczny okre\u015blono jako dobry, z widocznymi \u015bladami<br \/>\neksploatacji. W\u00f3zek posiada wa\u017cne dopuszczenie do eksploatacji wydane przez Urz\u0105d\u00a0 Dozoru Technicznego do kwietnia 2023 roku. W\u00f3zek sprawny technicznie.<\/p>\n<p>Wadium w kwocie po 3.000,00 nale\u017cy wp\u0142aca\u0107 na rachunek: 06 1930 1190 2220 0274 6320 0001. Oferty nale\u017cy sk\u0142ada\u0107 do 29 kwietnia 2026 r. lub osobi\u015bcie na minimum 1 godzin\u0119 przed rozpocz\u0119ciem przetargu.<\/p>\n<p><img loading=\"lazy\" decoding=\"async\" class=\"alignnone size-medium wp-image-1346\" src=\"https:\/\/krsa.pl\/wp-content\/uploads\/2024\/07\/IMG_7403-225x300.jpg\" alt=\"\" width=\"225\" height=\"300\" srcset=\"https:\/\/krsa.pl\/wp-content\/uploads\/2024\/07\/IMG_7403-225x300.jpg 225w, https:\/\/krsa.pl\/wp-content\/uploads\/2024\/07\/IMG_7403-768x1024.jpg 768w, https:\/\/krsa.pl\/wp-content\/uploads\/2024\/07\/IMG_7403-1152x1536.jpg 1152w, https:\/\/krsa.pl\/wp-content\/uploads\/2024\/07\/IMG_7403-350x467.jpg 350w, https:\/\/krsa.pl\/wp-content\/uploads\/2024\/07\/IMG_7403-rotated.jpg 1512w\" sizes=\"auto, (max-width: 225px) 100vw, 225px\" \/> <img loading=\"lazy\" decoding=\"async\" class=\"alignnone size-medium wp-image-1347\" src=\"https:\/\/krsa.pl\/wp-content\/uploads\/2024\/07\/IMG_7404-225x300.jpg\" alt=\"\" width=\"225\" height=\"300\" srcset=\"https:\/\/krsa.pl\/wp-content\/uploads\/2024\/07\/IMG_7404-225x300.jpg 225w, https:\/\/krsa.pl\/wp-content\/uploads\/2024\/07\/IMG_7404-768x1024.jpg 768w, https:\/\/krsa.pl\/wp-content\/uploads\/2024\/07\/IMG_7404-1152x1536.jpg 1152w, https:\/\/krsa.pl\/wp-content\/uploads\/2024\/07\/IMG_7404-350x467.jpg 350w, https:\/\/krsa.pl\/wp-content\/uploads\/2024\/07\/IMG_7404-rotated.jpg 1512w\" sizes=\"auto, (max-width: 225px) 100vw, 225px\" \/> <img loading=\"lazy\" decoding=\"async\" class=\"alignnone size-medium wp-image-1348\" src=\"https:\/\/krsa.pl\/wp-content\/uploads\/2024\/07\/IMG_7405-225x300.jpg\" alt=\"\" width=\"225\" height=\"300\" srcset=\"https:\/\/krsa.pl\/wp-content\/uploads\/2024\/07\/IMG_7405-225x300.jpg 225w, https:\/\/krsa.pl\/wp-content\/uploads\/2024\/07\/IMG_7405-768x1024.jpg 768w, https:\/\/krsa.pl\/wp-content\/uploads\/2024\/07\/IMG_7405-1152x1536.jpg 1152w, https:\/\/krsa.pl\/wp-content\/uploads\/2024\/07\/IMG_7405-350x467.jpg 350w, https:\/\/krsa.pl\/wp-content\/uploads\/2024\/07\/IMG_7405-rotated.jpg 1512w\" sizes=\"auto, (max-width: 225px) 100vw, 225px\" \/> <img loading=\"lazy\" decoding=\"async\" class=\"alignnone size-medium wp-image-1342\" src=\"https:\/\/krsa.pl\/wp-content\/uploads\/2024\/07\/IMG_7032-300x225.jpg\" alt=\"\" width=\"300\" height=\"225\" srcset=\"https:\/\/krsa.pl\/wp-content\/uploads\/2024\/07\/IMG_7032-300x225.jpg 300w, https:\/\/krsa.pl\/wp-content\/uploads\/2024\/07\/IMG_7032-1024x768.jpg 1024w, https:\/\/krsa.pl\/wp-content\/uploads\/2024\/07\/IMG_7032-768x576.jpg 768w, https:\/\/krsa.pl\/wp-content\/uploads\/2024\/07\/IMG_7032-1536x1152.jpg 1536w, https:\/\/krsa.pl\/wp-content\/uploads\/2024\/07\/IMG_7032-2048x1536.jpg 2048w, https:\/\/krsa.pl\/wp-content\/uploads\/2024\/07\/IMG_7032-350x263.jpg 350w\" sizes=\"auto, (max-width: 300px) 100vw, 300px\" \/> <img loading=\"lazy\" decoding=\"async\" class=\"alignnone size-medium wp-image-1341\" src=\"https:\/\/krsa.pl\/wp-content\/uploads\/2024\/07\/IMG_7034-225x300.jpg\" alt=\"\" width=\"225\" height=\"300\" srcset=\"https:\/\/krsa.pl\/wp-content\/uploads\/2024\/07\/IMG_7034-225x300.jpg 225w, https:\/\/krsa.pl\/wp-content\/uploads\/2024\/07\/IMG_7034-768x1024.jpg 768w, https:\/\/krsa.pl\/wp-content\/uploads\/2024\/07\/IMG_7034-1152x1536.jpg 1152w, https:\/\/krsa.pl\/wp-content\/uploads\/2024\/07\/IMG_7034-1536x2048.jpg 1536w, https:\/\/krsa.pl\/wp-content\/uploads\/2024\/07\/IMG_7034-350x467.jpg 350w, https:\/\/krsa.pl\/wp-content\/uploads\/2024\/07\/IMG_7034-scaled.jpg 1920w\" sizes=\"auto, (max-width: 225px) 100vw, 225px\" \/> <img loading=\"lazy\" decoding=\"async\" class=\"alignnone size-medium wp-image-1340\" src=\"https:\/\/krsa.pl\/wp-content\/uploads\/2024\/07\/IMG_7033-300x225.jpg\" alt=\"\" width=\"300\" height=\"225\" srcset=\"https:\/\/krsa.pl\/wp-content\/uploads\/2024\/07\/IMG_7033-300x225.jpg 300w, https:\/\/krsa.pl\/wp-content\/uploads\/2024\/07\/IMG_7033-1024x768.jpg 1024w, https:\/\/krsa.pl\/wp-content\/uploads\/2024\/07\/IMG_7033-768x576.jpg 768w, https:\/\/krsa.pl\/wp-content\/uploads\/2024\/07\/IMG_7033-1536x1152.jpg 1536w, https:\/\/krsa.pl\/wp-content\/uploads\/2024\/07\/IMG_7033-2048x1536.jpg 2048w, https:\/\/krsa.pl\/wp-content\/uploads\/2024\/07\/IMG_7033-350x263.jpg 350w\" sizes=\"auto, (max-width: 300px) 100vw, 300px\" \/> <img loading=\"lazy\" decoding=\"async\" class=\"alignnone size-medium wp-image-1349\" src=\"https:\/\/krsa.pl\/wp-content\/uploads\/2024\/07\/ekx-514-237x300.png\" alt=\"\" width=\"237\" height=\"300\" srcset=\"https:\/\/krsa.pl\/wp-content\/uploads\/2024\/07\/ekx-514-237x300.png 237w, https:\/\/krsa.pl\/wp-content\/uploads\/2024\/07\/ekx-514-350x443.png 350w, https:\/\/krsa.pl\/wp-content\/uploads\/2024\/07\/ekx-514.png 700w\" sizes=\"auto, (max-width: 237px) 100vw, 237px\" \/><\/p>\n<p><img loading=\"lazy\" decoding=\"async\" class=\"alignnone size-medium wp-image-1397\" src=\"https:\/\/krsa.pl\/wp-content\/uploads\/2024\/07\/IMG_8848-225x300.jpeg\" alt=\"\" width=\"225\" height=\"300\" srcset=\"https:\/\/krsa.pl\/wp-content\/uploads\/2024\/07\/IMG_8848-225x300.jpeg 225w, https:\/\/krsa.pl\/wp-content\/uploads\/2024\/07\/IMG_8848-768x1024.jpeg 768w, https:\/\/krsa.pl\/wp-content\/uploads\/2024\/07\/IMG_8848-1152x1536.jpeg 1152w, https:\/\/krsa.pl\/wp-content\/uploads\/2024\/07\/IMG_8848-350x467.jpeg 350w, https:\/\/krsa.pl\/wp-content\/uploads\/2024\/07\/IMG_8848.jpeg 1536w\" sizes=\"auto, (max-width: 225px) 100vw, 225px\" \/><\/p>\n<p>zdj\u0119cie po zdj\u0119ciu masztu, ca\u0142o\u015b\u0107 jest zabezpieczona na czas magazynowania<\/p>\n<p><img loading=\"lazy\" decoding=\"async\" class=\"alignnone size-medium wp-image-1398\" src=\"https:\/\/krsa.pl\/wp-content\/uploads\/2024\/07\/IMG_8849-225x300.jpeg\" alt=\"\" width=\"225\" height=\"300\" srcset=\"https:\/\/krsa.pl\/wp-content\/uploads\/2024\/07\/IMG_8849-225x300.jpeg 225w, https:\/\/krsa.pl\/wp-content\/uploads\/2024\/07\/IMG_8849-768x1024.jpeg 768w, https:\/\/krsa.pl\/wp-content\/uploads\/2024\/07\/IMG_8849-1152x1536.jpeg 1152w, https:\/\/krsa.pl\/wp-content\/uploads\/2024\/07\/IMG_8849-350x467.jpeg 350w, https:\/\/krsa.pl\/wp-content\/uploads\/2024\/07\/IMG_8849.jpeg 1536w\" sizes=\"auto, (max-width: 225px) 100vw, 225px\" \/> <img loading=\"lazy\" decoding=\"async\" class=\"alignnone size-medium wp-image-1399\" src=\"https:\/\/krsa.pl\/wp-content\/uploads\/2024\/07\/IMG_8850-225x300.jpeg\" alt=\"\" width=\"225\" height=\"300\" srcset=\"https:\/\/krsa.pl\/wp-content\/uploads\/2024\/07\/IMG_8850-225x300.jpeg 225w, https:\/\/krsa.pl\/wp-content\/uploads\/2024\/07\/IMG_8850-768x1024.jpeg 768w, https:\/\/krsa.pl\/wp-content\/uploads\/2024\/07\/IMG_8850-1152x1536.jpeg 1152w, https:\/\/krsa.pl\/wp-content\/uploads\/2024\/07\/IMG_8850-350x467.jpeg 350w, https:\/\/krsa.pl\/wp-content\/uploads\/2024\/07\/IMG_8850.jpeg 1536w\" sizes=\"auto, (max-width: 225px) 100vw, 225px\" \/> <img loading=\"lazy\" decoding=\"async\" class=\"alignnone size-medium wp-image-1400\" src=\"https:\/\/krsa.pl\/wp-content\/uploads\/2024\/07\/IMG_8852-300x225.jpeg\" alt=\"\" width=\"300\" height=\"225\" srcset=\"https:\/\/krsa.pl\/wp-content\/uploads\/2024\/07\/IMG_8852-300x225.jpeg 300w, https:\/\/krsa.pl\/wp-content\/uploads\/2024\/07\/IMG_8852-1024x768.jpeg 1024w, https:\/\/krsa.pl\/wp-content\/uploads\/2024\/07\/IMG_8852-768x576.jpeg 768w, https:\/\/krsa.pl\/wp-content\/uploads\/2024\/07\/IMG_8852-1536x1152.jpeg 1536w, https:\/\/krsa.pl\/wp-content\/uploads\/2024\/07\/IMG_8852-350x263.jpeg 350w, https:\/\/krsa.pl\/wp-content\/uploads\/2024\/07\/IMG_8852.jpeg 2048w\" sizes=\"auto, (max-width: 300px) 100vw, 300px\" \/><\/p>\n","protected":false},"excerpt":{"rendered":"<p>Syndyk sprzeda (cena BRUTTO &#8211; zawiera 23% VAT): 73 726,20 PLN PRZETARG 30-04-2026 W\u00f3zek wid\u0142owy Jungheinrich EKX 514 zosta\u0142 wyprodukowany w 2016 roku, numer fabryczny \u015brodka trwa\u0142ego 20050.\u00a0 Ud\u017awig w\u00f3zka: 1,4 tony. Jest to akumulatorowy w\u00f3zek wysokiego\u00a0 sk\u0142adowania z obrotow\u0105 karetk\u0105 wide\u0142. Wysoko\u015b\u0107 podnoszenia do 8,78 m. Napi\u0119cie akumulatora 80V Og\u00f3lny wizualny stan techniczny okre\u015blono &hellip; <\/p>\n<p class=\"link-more\"><a href=\"https:\/\/krsa.pl\/?product=wozek-widlowy-ekx-514-fn5-20050-2016-poz-8-op\" class=\"more-link\">Czytaj dalej<span class=\"screen-reader-text\"> \u201eW\u00f3zek wid\u0142owy EKX 514, FN5 20050, 2016 (poz 8 op.) PRZETARG 30-04-2026\u201d<\/span><\/a><\/p>\n","protected":false},"featured_media":1349,"template":"","meta":[],"product_brand":[],"product_cat":[30,28],"product_tag":[],"class_list":{"0":"post-1755","1":"product","2":"type-product","3":"status-publish","4":"has-post-thumbnail","6":"product_cat-pojazdy","7":"product_cat-wyposazenie-magazynu","9":"first","10":"instock","11":"taxable","12":"shipping-taxable","13":"purchasable","14":"product-type-simple"},"jetpack_sharing_enabled":true,"_links":{"self":[{"href":"https:\/\/krsa.pl\/index.php?rest_route=\/wp\/v2\/product\/1755","targetHints":{"allow":["GET"]}}],"collection":[{"href":"https:\/\/krsa.pl\/index.php?rest_route=\/wp\/v2\/product"}],"about":[{"href":"https:\/\/krsa.pl\/index.php?rest_route=\/wp\/v2\/types\/product"}],"wp:featuredmedia":[{"embeddable":true,"href":"https:\/\/krsa.pl\/index.php?rest_route=\/wp\/v2\/media\/1349"}],"wp:attachment":[{"href":"https:\/\/krsa.pl\/index.php?rest_route=%2Fwp%2Fv2%2Fmedia&parent=1755"}],"wp:term":[{"taxonomy":"product_brand","embeddable":true,"href":"https:\/\/krsa.pl\/index.php?rest_route=%2Fwp%2Fv2%2Fproduct_brand&post=1755"},{"taxonomy":"product_cat","embeddable":true,"href":"https:\/\/krsa.pl\/index.php?rest_route=%2Fwp%2Fv2%2Fproduct_cat&post=1755"},{"taxonomy":"product_tag","embeddable":true,"href":"https:\/\/krsa.pl\/index.php?rest_route=%2Fwp%2Fv2%2Fproduct_tag&post=1755"}],"curies":[{"name":"wp","href":"https:\/\/api.w.org\/{rel}","templated":true}]}}