{"id":1764,"date":"2025-02-20T14:08:34","date_gmt":"2025-02-20T13:08:34","guid":{"rendered":"https:\/\/krsa.pl\/?post_type=product&#038;p=1764"},"modified":"2026-04-10T18:54:45","modified_gmt":"2026-04-10T16:54:45","slug":"wozek-widlowy-ere-120-98114456-poz-15-op","status":"publish","type":"product","link":"https:\/\/krsa.pl\/?product=wozek-widlowy-ere-120-98114456-poz-15-op","title":{"rendered":"W\u00f3zek wid\u0142owy ERE 120, 98114456 (poz 15 op.) PRZETARG 30-04-2026"},"content":{"rendered":"<p class=\"Textbody\">Syndyk sprzeda (cena BRUTTO &#8211; zawiera 23% VAT): <strong>5 313,60 PLN PRZETARG 30-04-2026<\/strong><\/p>\n<p>W\u00f3zek wid\u0142owy <strong>Jungheinrich ERE 120<\/strong> zosta\u0142 wyprodukowany w 2015 roku, numer fabryczny \u015brodka trwa\u0142ego 98114456. Ud\u017awig w\u00f3zka: 2,0 tony. Jest to akumulatorowy unosz\u0105cy w\u00f3zek z dyszlem. Wysoko\u015b\u0107 podnoszenia do 0,12 m. Napi\u0119cie akumulatora 24V<\/p>\n<p>Wadium w kwocie po 3.000,00 nale\u017cy wp\u0142aca\u0107 na rachunek: 06 1930 1190 2220 0274 6320 0001. Oferty nale\u017cy sk\u0142ada\u0107 do 29 kwietnia 2026 r. lub osobi\u015bcie na minimum 1 godzin\u0119 przed rozpocz\u0119ciem przetargu.<\/p>\n","protected":false},"excerpt":{"rendered":"<p>Syndyk sprzeda (cena BRUTTO &#8211; zawiera 23% VAT): 5 313,60 PLN PRZETARG 30-04-2026 W\u00f3zek wid\u0142owy Jungheinrich ERE 120 zosta\u0142 wyprodukowany w 2015 roku, numer fabryczny \u015brodka trwa\u0142ego 98114456. Ud\u017awig w\u00f3zka: 2,0 tony. Jest to akumulatorowy unosz\u0105cy w\u00f3zek z dyszlem. Wysoko\u015b\u0107 podnoszenia do 0,12 m. Napi\u0119cie akumulatora 24V Wadium w kwocie po 3.000,00 nale\u017cy wp\u0142aca\u0107 na &hellip; <\/p>\n<p class=\"link-more\"><a href=\"https:\/\/krsa.pl\/?product=wozek-widlowy-ere-120-98114456-poz-15-op\" class=\"more-link\">Czytaj dalej<span class=\"screen-reader-text\"> \u201eW\u00f3zek wid\u0142owy ERE 120, 98114456 (poz 15 op.) PRZETARG 30-04-2026\u201d<\/span><\/a><\/p>\n","protected":false},"featured_media":380,"template":"","meta":[],"product_brand":[],"product_cat":[30,28],"product_tag":[],"class_list":{"0":"post-1764","1":"product","2":"type-product","3":"status-publish","4":"has-post-thumbnail","6":"product_cat-pojazdy","7":"product_cat-wyposazenie-magazynu","9":"first","10":"instock","11":"taxable","12":"shipping-taxable","13":"purchasable","14":"product-type-simple"},"jetpack_sharing_enabled":true,"_links":{"self":[{"href":"https:\/\/krsa.pl\/index.php?rest_route=\/wp\/v2\/product\/1764","targetHints":{"allow":["GET"]}}],"collection":[{"href":"https:\/\/krsa.pl\/index.php?rest_route=\/wp\/v2\/product"}],"about":[{"href":"https:\/\/krsa.pl\/index.php?rest_route=\/wp\/v2\/types\/product"}],"wp:featuredmedia":[{"embeddable":true,"href":"https:\/\/krsa.pl\/index.php?rest_route=\/wp\/v2\/media\/380"}],"wp:attachment":[{"href":"https:\/\/krsa.pl\/index.php?rest_route=%2Fwp%2Fv2%2Fmedia&parent=1764"}],"wp:term":[{"taxonomy":"product_brand","embeddable":true,"href":"https:\/\/krsa.pl\/index.php?rest_route=%2Fwp%2Fv2%2Fproduct_brand&post=1764"},{"taxonomy":"product_cat","embeddable":true,"href":"https:\/\/krsa.pl\/index.php?rest_route=%2Fwp%2Fv2%2Fproduct_cat&post=1764"},{"taxonomy":"product_tag","embeddable":true,"href":"https:\/\/krsa.pl\/index.php?rest_route=%2Fwp%2Fv2%2Fproduct_tag&post=1764"}],"curies":[{"name":"wp","href":"https:\/\/api.w.org\/{rel}","templated":true}]}}