{"id":1768,"date":"2025-02-20T14:09:26","date_gmt":"2025-02-20T13:09:26","guid":{"rendered":"https:\/\/krsa.pl\/?post_type=product&#038;p=1768"},"modified":"2026-04-10T18:53:59","modified_gmt":"2026-04-10T16:53:59","slug":"wozek-widlowy-etv-110-91098477-poz-4-op","status":"publish","type":"product","link":"https:\/\/krsa.pl\/?product=wozek-widlowy-etv-110-91098477-poz-4-op","title":{"rendered":"W\u00f3zek wid\u0142owy ETV 110, 91098477 (poz 4 op.) PRZETARG 30-04-2026"},"content":{"rendered":"<p class=\"Textbody\">Syndyk sprzeda (cena BRUTTO &#8211; zawiera 23% VAT): <strong>17 453,70 PLN PRZETARG 30-04-2026<\/strong><\/p>\n<p>W\u00f3zek wid\u0142owy <strong>Jungheinrich ETV 110<\/strong> zosta\u0142 wyprodukowany w 2015 roku, numer fabryczny \u015brodka trwa\u0142ego 91098477. Ud\u017awig w\u00f3zka: 1,0 tona. Jest to akumulatorowy w\u00f3zek wysokiego sk\u0142adowania z masztem wysuwnym. Wysoko\u015b\u0107 podnoszenia do 2,70 m. Napi\u0119cie akumulatora 48V.<\/p>\n<p>Og\u00f3lny wizualny stan techniczny okre\u015blono jako dobry, z widocznymi \u015bladami<br \/>\neksploatacji. W\u00f3zek posiada wa\u017cne dopuszczenie do eksploatacji wydane przez Urz\u0105d\u00a0 Dozoru Technicznego do kwietnia 2023 roku. W\u00f3zek sprawny technicznie.<\/p>\n<p>Wadium w kwocie po 3.000,00 nale\u017cy wp\u0142aca\u0107 na rachunek: 06 1930 1190 2220 0274 6320 0001. Oferty nale\u017cy sk\u0142ada\u0107 do 29 kwietnia 2026 r. lub osobi\u015bcie na minimum 1 godzin\u0119 przed rozpocz\u0119ciem przetargu.<\/p>\n<p><img loading=\"lazy\" decoding=\"async\" class=\"alignnone wp-image-1675\" style=\"font-size: 1rem;\" src=\"https:\/\/krsa.pl\/wp-content\/uploads\/2025\/01\/IMG_4451-225x300.jpeg\" alt=\"\" width=\"420\" height=\"560\" srcset=\"https:\/\/krsa.pl\/wp-content\/uploads\/2025\/01\/IMG_4451-225x300.jpeg 225w, https:\/\/krsa.pl\/wp-content\/uploads\/2025\/01\/IMG_4451-768x1024.jpeg 768w, https:\/\/krsa.pl\/wp-content\/uploads\/2025\/01\/IMG_4451-1152x1536.jpeg 1152w, https:\/\/krsa.pl\/wp-content\/uploads\/2025\/01\/IMG_4451-350x467.jpeg 350w, https:\/\/krsa.pl\/wp-content\/uploads\/2025\/01\/IMG_4451.jpeg 1536w\" sizes=\"auto, (max-width: 420px) 100vw, 420px\" \/><img loading=\"lazy\" decoding=\"async\" class=\"alignnone wp-image-1674\" src=\"https:\/\/krsa.pl\/wp-content\/uploads\/2025\/01\/IMG_4450-300x225.jpeg\" alt=\"\" width=\"420\" height=\"315\" srcset=\"https:\/\/krsa.pl\/wp-content\/uploads\/2025\/01\/IMG_4450-300x225.jpeg 300w, https:\/\/krsa.pl\/wp-content\/uploads\/2025\/01\/IMG_4450-1024x768.jpeg 1024w, https:\/\/krsa.pl\/wp-content\/uploads\/2025\/01\/IMG_4450-768x576.jpeg 768w, https:\/\/krsa.pl\/wp-content\/uploads\/2025\/01\/IMG_4450-1536x1152.jpeg 1536w, https:\/\/krsa.pl\/wp-content\/uploads\/2025\/01\/IMG_4450-350x263.jpeg 350w, https:\/\/krsa.pl\/wp-content\/uploads\/2025\/01\/IMG_4450.jpeg 2048w\" sizes=\"auto, (max-width: 420px) 100vw, 420px\" \/> \u00a0<img loading=\"lazy\" decoding=\"async\" class=\"alignnone wp-image-1676\" src=\"https:\/\/krsa.pl\/wp-content\/uploads\/2025\/01\/IMG_4452-300x182.jpeg\" alt=\"\" width=\"419\" height=\"254\" srcset=\"https:\/\/krsa.pl\/wp-content\/uploads\/2025\/01\/IMG_4452-300x182.jpeg 300w, https:\/\/krsa.pl\/wp-content\/uploads\/2025\/01\/IMG_4452-1024x623.jpeg 1024w, https:\/\/krsa.pl\/wp-content\/uploads\/2025\/01\/IMG_4452-768x467.jpeg 768w, https:\/\/krsa.pl\/wp-content\/uploads\/2025\/01\/IMG_4452-350x213.jpeg 350w, https:\/\/krsa.pl\/wp-content\/uploads\/2025\/01\/IMG_4452.jpeg 1352w\" sizes=\"auto, (max-width: 419px) 100vw, 419px\" \/><\/p>\n","protected":false},"excerpt":{"rendered":"<p>W\u00f3zek wid\u0142owy Jungheinrich ETV 110 zosta\u0142 wyprodukowany w 2015 roku, numer fabryczny \u015brodka trwa\u0142ego 91098477. Ud\u017awig w\u00f3zka: 1,0 tona. Jest to akumulatorowy w\u00f3zek wysokiego sk\u0142adowania z masztem wysuwnym. Wysoko\u015b\u0107 podnoszenia do 2,70 m. Napi\u0119cie akumulatora 48V.<\/p>\n<p>Og\u00f3lny wizualny stan techniczny okre\u015blono jako dobry, z widocznymi \u015bladami<br \/>\neksploatacji. W\u00f3zek posiada wa\u017cne dopuszczenie do eksploatacji wydane przez Urz\u0105d\u00a0 Dozoru Technicznego do kwietnia 2023 roku. W\u00f3zek sprawny technicznie.<\/p>\n","protected":false},"featured_media":375,"template":"","meta":[],"product_brand":[],"product_cat":[30,28],"product_tag":[],"class_list":{"0":"post-1768","1":"product","2":"type-product","3":"status-publish","4":"has-post-thumbnail","6":"product_cat-pojazdy","7":"product_cat-wyposazenie-magazynu","9":"first","10":"instock","11":"taxable","12":"shipping-taxable","13":"purchasable","14":"product-type-simple"},"jetpack_sharing_enabled":true,"_links":{"self":[{"href":"https:\/\/krsa.pl\/index.php?rest_route=\/wp\/v2\/product\/1768","targetHints":{"allow":["GET"]}}],"collection":[{"href":"https:\/\/krsa.pl\/index.php?rest_route=\/wp\/v2\/product"}],"about":[{"href":"https:\/\/krsa.pl\/index.php?rest_route=\/wp\/v2\/types\/product"}],"wp:featuredmedia":[{"embeddable":true,"href":"https:\/\/krsa.pl\/index.php?rest_route=\/wp\/v2\/media\/375"}],"wp:attachment":[{"href":"https:\/\/krsa.pl\/index.php?rest_route=%2Fwp%2Fv2%2Fmedia&parent=1768"}],"wp:term":[{"taxonomy":"product_brand","embeddable":true,"href":"https:\/\/krsa.pl\/index.php?rest_route=%2Fwp%2Fv2%2Fproduct_brand&post=1768"},{"taxonomy":"product_cat","embeddable":true,"href":"https:\/\/krsa.pl\/index.php?rest_route=%2Fwp%2Fv2%2Fproduct_cat&post=1768"},{"taxonomy":"product_tag","embeddable":true,"href":"https:\/\/krsa.pl\/index.php?rest_route=%2Fwp%2Fv2%2Fproduct_tag&post=1768"}],"curies":[{"name":"wp","href":"https:\/\/api.w.org\/{rel}","templated":true}]}}