{"id":1979,"date":"2025-09-04T16:07:04","date_gmt":"2025-09-04T14:07:04","guid":{"rendered":"https:\/\/krsa.pl\/?post_type=product&#038;p=1979"},"modified":"2025-09-09T09:32:51","modified_gmt":"2025-09-09T07:32:51","slug":"przetarg-na-sprzedaz-wierzytelnosci-26-09-2025-g-1400","status":"publish","type":"product","link":"https:\/\/krsa.pl\/?product=przetarg-na-sprzedaz-wierzytelnosci-26-09-2025-g-1400","title":{"rendered":"Sprzeda\u017c wierzytelno\u015bci &#8211; przetarg 26.09.2025 g.14:00"},"content":{"rendered":"<p>Przetarg na sprzeda\u017c wierzytelno\u015bci &#8211; 26.09.2025 g.14:00<\/p>\n<p>Syndyk sprzeda w formie przetargu wierzytelno\u015b\u0107 sporn\u0105 wchodz\u0105c\u0105 w sk\u0142ad masy upad\u0142o\u015bci Stowarzyszenia Aktywnego Wspierania Gospodarki w kwocie 648.186,56 z\u0142 przys\u0142uguj\u0105c\u0105 od Waldemara Hyndy (Hynda) prowadz\u0105cego dzia\u0142alno\u015b\u0107 gospodarcz\u0105 pod nazw\u0105 ADSMedia, w stosunku do kt\u00f3rej toczy si\u0119 post\u0119powanie przed S\u0105dem Okr\u0119gowym w Szczecinie o sygn. akt I C 3300\/22 za cen\u0119 nie ni\u017csz\u0105 ni\u017c 100.000,00 z\u0142. Przetarg w dniu 26.09.2025 r. o godzinie 14:00 w Kancelarii Restrukturyzacyjnej przy ul. Fabrycznej 6 we Wroc\u0142awiu. Wadium w kwocie 10.000 z\u0142. Rachunek: 40 1930 1190 2220 0273 7328 0001. Oferty nale\u017cy sk\u0142ada\u0107 do 25 wrze\u015bnia 2025 r. lub osobi\u015bcie na minimum 1 godzin\u0119 przed rozpocz\u0119ciem przetargu.<\/p>\n<p><a href=\"https:\/\/krsa.pl\/?p=1975\">Przetarg na sprzeda\u017c wierzytelno\u015bci \u2013 26.09.2025 g.14:00 \u2013 Kancelaria Restrukturyzacyjna Sp. z o.o.<\/a> &#8211; regulamin<\/p>\n<p>Wi\u0119cej szczeg\u00f3\u0142\u00f3w: <a href=\"https:\/\/krsa.pl\/?p=1975\">Przetarg na sprzeda\u017c wierzytelno\u015bci \u2013 26.09.2025 g.14:00 \u2013 Kancelaria Restrukturyzacyjna Sp. z o.o.<\/a><\/p>\n","protected":false},"excerpt":{"rendered":"<p><a href=\"https:\/\/krsa.pl\/wp-content\/uploads\/2025\/09\/SAWG-Regulamin-sprzedazy-pakietu-wierzytelnosci.pdf\">SAWG &#8211; Regulamin sprzeda\u017cy pakietu wierzytelno\u015bci<\/a><\/p>\n","protected":false},"featured_media":1985,"template":"","meta":[],"product_brand":[],"product_cat":[31],"product_tag":[],"class_list":{"0":"post-1979","1":"product","2":"type-product","3":"status-publish","4":"has-post-thumbnail","6":"product_cat-wierzytelnosci-i-prawa","8":"first","9":"instock","10":"taxable","11":"shipping-taxable","12":"product-type-simple"},"jetpack_sharing_enabled":true,"_links":{"self":[{"href":"https:\/\/krsa.pl\/index.php?rest_route=\/wp\/v2\/product\/1979","targetHints":{"allow":["GET"]}}],"collection":[{"href":"https:\/\/krsa.pl\/index.php?rest_route=\/wp\/v2\/product"}],"about":[{"href":"https:\/\/krsa.pl\/index.php?rest_route=\/wp\/v2\/types\/product"}],"wp:featuredmedia":[{"embeddable":true,"href":"https:\/\/krsa.pl\/index.php?rest_route=\/wp\/v2\/media\/1985"}],"wp:attachment":[{"href":"https:\/\/krsa.pl\/index.php?rest_route=%2Fwp%2Fv2%2Fmedia&parent=1979"}],"wp:term":[{"taxonomy":"product_brand","embeddable":true,"href":"https:\/\/krsa.pl\/index.php?rest_route=%2Fwp%2Fv2%2Fproduct_brand&post=1979"},{"taxonomy":"product_cat","embeddable":true,"href":"https:\/\/krsa.pl\/index.php?rest_route=%2Fwp%2Fv2%2Fproduct_cat&post=1979"},{"taxonomy":"product_tag","embeddable":true,"href":"https:\/\/krsa.pl\/index.php?rest_route=%2Fwp%2Fv2%2Fproduct_tag&post=1979"}],"curies":[{"name":"wp","href":"https:\/\/api.w.org\/{rel}","templated":true}]}}