{"id":1981,"date":"2025-10-20T20:29:40","date_gmt":"2025-10-20T18:29:40","guid":{"rendered":"https:\/\/krsa.pl\/?post_type=product&#038;p=1981"},"modified":"2026-04-10T18:46:27","modified_gmt":"2026-04-10T16:46:27","slug":"ruchomosci-m-in-wozki-widlowe-04-11-2025-g-1430","status":"publish","type":"product","link":"https:\/\/krsa.pl\/?product=ruchomosci-m-in-wozki-widlowe-04-11-2025-g-1430","title":{"rendered":"Elektryczne w\u00f3zki wid\u0142owe, Multibox MX 06 PRZETARG 30.04.2026"},"content":{"rendered":"<p>Syndyk sprzeda z wolnej r\u0119ki w formie przetargu:<\/p>\n<p>W\u00f3zek wid\u0142owy Jungheinrich EKX 514 za cen\u0119 nie ni\u017csz\u0105 ni\u017c 59.940 z\u0142 netto oraz w\u00f3zki wid\u0142owe Jungheinrich ETV110, ETV214, ERE120 z lat 2016-2019 i dwie kartoniarki Multibox MX 06.<\/p>\n<p><a href=\"https:\/\/krsa.pl\/?p=2263\">Regulamin przetargu w\u00f3zki Jungheunrich i 2 x Multibox MX 060 2026.4.30 godz. 12:00<\/a><\/p>\n<p>Przetarg w dniu <strong>30.04.2026<\/strong> r. o godzinie 12:00 w Kancelarii Restrukturyzacyjnej Sp. z o.o., ul. Fabryczna 6, 53-609 Wroc\u0142aw. Wadium w kwocie 3.000 z\u0142 za ka\u017cdy przedmiot nale\u017cy wp\u0142aca\u0107 na rachunek: 06 1930 1190 2220 0274 6320 0001. Oferty oraz wadium nale\u017cy sk\u0142ada\u0107 do 29.04.2026 roku lub osobi\u015bcie na minimum 1 godzin\u0119 przed rozpocz\u0119ciem przetargu<\/p>\n","protected":false},"excerpt":{"rendered":"<p><a href=\"https:\/\/krsa.pl\/wp-content\/uploads\/2025\/12\/ORD-Regulamin-2026.1.13-big-15-45v.pdf\">Regulamin PRZETARG SORTER AMI, elektryczne w\u00f3zki wid\u0142owe, Multibox MX 06<\/a><\/p>\n","protected":false},"featured_media":2079,"template":"","meta":[],"product_brand":[],"product_cat":[30,33,28],"product_tag":[],"class_list":{"0":"post-1981","1":"product","2":"type-product","3":"status-publish","4":"has-post-thumbnail","6":"product_cat-pojazdy","7":"product_cat-pozostale","8":"product_cat-wyposazenie-magazynu","10":"first","11":"instock","12":"taxable","13":"shipping-taxable","14":"product-type-simple"},"jetpack_sharing_enabled":true,"_links":{"self":[{"href":"https:\/\/krsa.pl\/index.php?rest_route=\/wp\/v2\/product\/1981","targetHints":{"allow":["GET"]}}],"collection":[{"href":"https:\/\/krsa.pl\/index.php?rest_route=\/wp\/v2\/product"}],"about":[{"href":"https:\/\/krsa.pl\/index.php?rest_route=\/wp\/v2\/types\/product"}],"wp:featuredmedia":[{"embeddable":true,"href":"https:\/\/krsa.pl\/index.php?rest_route=\/wp\/v2\/media\/2079"}],"wp:attachment":[{"href":"https:\/\/krsa.pl\/index.php?rest_route=%2Fwp%2Fv2%2Fmedia&parent=1981"}],"wp:term":[{"taxonomy":"product_brand","embeddable":true,"href":"https:\/\/krsa.pl\/index.php?rest_route=%2Fwp%2Fv2%2Fproduct_brand&post=1981"},{"taxonomy":"product_cat","embeddable":true,"href":"https:\/\/krsa.pl\/index.php?rest_route=%2Fwp%2Fv2%2Fproduct_cat&post=1981"},{"taxonomy":"product_tag","embeddable":true,"href":"https:\/\/krsa.pl\/index.php?rest_route=%2Fwp%2Fv2%2Fproduct_tag&post=1981"}],"curies":[{"name":"wp","href":"https:\/\/api.w.org\/{rel}","templated":true}]}}