{"id":1983,"date":"2025-09-09T09:25:15","date_gmt":"2025-09-09T07:25:15","guid":{"rendered":"https:\/\/krsa.pl\/?post_type=product&#038;p=1983"},"modified":"2025-09-09T09:28:53","modified_gmt":"2025-09-09T07:28:53","slug":"przetarg-nieruchomosc-goliszew-26-09-2025-g1200","status":"publish","type":"product","link":"https:\/\/krsa.pl\/?product=przetarg-nieruchomosc-goliszew-26-09-2025-g1200","title":{"rendered":"Przetarg nieruchomo\u015b\u0107 Goliszew \u2013 26.09.2025 g:12:00"},"content":{"rendered":"<p>Syndyk sprzeda z wolnej r\u0119ki w formie przetargu nieruchomo\u015b\u0107 gruntow\u0105 o powierzchni 0,0120 ha po\u0142o\u017con\u0105 w miejscowo\u015bci Goliszew nr 6, dla kt\u00f3rej prowadzona jest ksi\u0119ga wieczysta nr KZ1A\/00072219\/1 za cen\u0119 nie ni\u017csz\u0105 ni\u017c 12.700 z\u0142.<\/p>\n<p>Przetarg w dniu 26.09.2025 r. o godzinie 12:00 w Kancelarii Restrukturyzacyjnej przy ul. Fabrycznej 6 we Wroc\u0142awiu. Wadium w kwocie 5.000 z\u0142. Rachunek: 29 1020 5297 0000 1502 0243 6327. Oferty nale\u017cy sk\u0142ada\u0107 do 25 wrze\u015bnia 2025 r. lub osobi\u015bcie na minimum 1 godzin\u0119 przed rozpocz\u0119ciem przetargu.<\/p>\n<p>Szczeg\u00f3\u0142owe informacje:\u00a0<a href=\"https:\/\/krsa.pl\/?p=1911\">Przetarg nieruchomo\u015b\u0107 Goliszew \u2013 26.09.2025 g:12:00 \u2013 Kancelaria Restrukturyzacyjna Sp. z o.o.<\/a><\/p>\n","protected":false},"excerpt":{"rendered":"<p><img loading=\"lazy\" decoding=\"async\" class=\"alignnone size-medium wp-image-1923\" src=\"https:\/\/krsa.pl\/wp-content\/uploads\/2025\/08\/zdj12-1-300x225.jpg\" alt=\"\" width=\"300\" height=\"225\" srcset=\"https:\/\/krsa.pl\/wp-content\/uploads\/2025\/08\/zdj12-1-300x225.jpg 300w, https:\/\/krsa.pl\/wp-content\/uploads\/2025\/08\/zdj12-1-1024x768.jpg 1024w, https:\/\/krsa.pl\/wp-content\/uploads\/2025\/08\/zdj12-1-768x576.jpg 768w, https:\/\/krsa.pl\/wp-content\/uploads\/2025\/08\/zdj12-1-1536x1152.jpg 1536w, https:\/\/krsa.pl\/wp-content\/uploads\/2025\/08\/zdj12-1-2048x1536.jpg 2048w, https:\/\/krsa.pl\/wp-content\/uploads\/2025\/08\/zdj12-1-350x263.jpg 350w\" sizes=\"auto, (max-width: 300px) 100vw, 300px\" \/><\/p>\n","protected":false},"featured_media":1920,"template":"","meta":[],"product_brand":[],"product_cat":[29,33],"product_tag":[],"class_list":{"0":"post-1983","1":"product","2":"type-product","3":"status-publish","4":"has-post-thumbnail","6":"product_cat-nieruchomosci","7":"product_cat-pozostale","9":"first","10":"instock","11":"taxable","12":"shipping-taxable","13":"product-type-simple"},"jetpack_sharing_enabled":true,"_links":{"self":[{"href":"https:\/\/krsa.pl\/index.php?rest_route=\/wp\/v2\/product\/1983","targetHints":{"allow":["GET"]}}],"collection":[{"href":"https:\/\/krsa.pl\/index.php?rest_route=\/wp\/v2\/product"}],"about":[{"href":"https:\/\/krsa.pl\/index.php?rest_route=\/wp\/v2\/types\/product"}],"wp:featuredmedia":[{"embeddable":true,"href":"https:\/\/krsa.pl\/index.php?rest_route=\/wp\/v2\/media\/1920"}],"wp:attachment":[{"href":"https:\/\/krsa.pl\/index.php?rest_route=%2Fwp%2Fv2%2Fmedia&parent=1983"}],"wp:term":[{"taxonomy":"product_brand","embeddable":true,"href":"https:\/\/krsa.pl\/index.php?rest_route=%2Fwp%2Fv2%2Fproduct_brand&post=1983"},{"taxonomy":"product_cat","embeddable":true,"href":"https:\/\/krsa.pl\/index.php?rest_route=%2Fwp%2Fv2%2Fproduct_cat&post=1983"},{"taxonomy":"product_tag","embeddable":true,"href":"https:\/\/krsa.pl\/index.php?rest_route=%2Fwp%2Fv2%2Fproduct_tag&post=1983"}],"curies":[{"name":"wp","href":"https:\/\/api.w.org\/{rel}","templated":true}]}}